{"id":774,"date":"2025-05-29T11:45:30","date_gmt":"2025-05-29T09:45:30","guid":{"rendered":"https:\/\/annaorzel.com\/?page_id=774"},"modified":"2025-09-22T12:29:21","modified_gmt":"2025-09-22T10:29:21","slug":"kontakt","status":"publish","type":"page","link":"https:\/\/annaorzel.com\/en\/kontakt\/","title":{"rendered":"Contact"},"content":{"rendered":"<div data-elementor-type=\"wp-page\" data-elementor-id=\"774\" class=\"elementor elementor-774\">\n\t\t\t\t<div class=\"elementor-element elementor-element-773bfb1 e-con-full e-flex wpr-particle-no wpr-jarallax-no wpr-parallax-no wpr-sticky-section-no e-con e-parent\" data-id=\"773bfb1\" data-element_type=\"container\" data-settings=\"{&quot;background_background&quot;:&quot;classic&quot;}\">\n\t\t\t\t<div class=\"elementor-element elementor-element-3c9fe53 animated-fast elementor-invisible elementor-widget elementor-widget-heading\" data-id=\"3c9fe53\" data-element_type=\"widget\" data-settings=\"{&quot;_animation&quot;:&quot;fadeIn&quot;}\" data-widget_type=\"heading.default\">\n\t\t\t\t<div class=\"elementor-widget-container\">\n\t\t\t\t\t<h2 class=\"elementor-heading-title elementor-size-default\">Contact<\/h2>\t\t\t\t<\/div>\n\t\t\t\t<\/div>\n\t\t\t\t<\/div>\n\t\t<div class=\"elementor-element elementor-element-ead1494 e-con-full animated-fast e-flex wpr-particle-no wpr-jarallax-no wpr-parallax-no wpr-sticky-section-no elementor-invisible e-con e-parent\" data-id=\"ead1494\" data-element_type=\"container\" data-settings=\"{&quot;animation&quot;:&quot;fadeIn&quot;}\">\n\t\t<div class=\"elementor-element elementor-element-17d16226 e-con-full e-flex wpr-particle-no wpr-jarallax-no wpr-parallax-no wpr-sticky-section-no e-con e-child\" data-id=\"17d16226\" data-element_type=\"container\">\n\t\t<div class=\"elementor-element elementor-element-4904d3fa e-con-full e-flex wpr-particle-no wpr-jarallax-no wpr-parallax-no wpr-sticky-section-no e-con e-child\" data-id=\"4904d3fa\" data-element_type=\"container\">\n\t\t\t\t<div class=\"elementor-element elementor-element-fdc54c0 elementor-shape-circle elementor-grid-3 e-grid-align-center elementor-widget elementor-widget-social-icons\" data-id=\"fdc54c0\" data-element_type=\"widget\" data-widget_type=\"social-icons.default\">\n\t\t\t\t<div class=\"elementor-widget-container\">\n\t\t\t\t\t\t\t<div class=\"elementor-social-icons-wrapper elementor-grid\" role=\"list\">\n\t\t\t\t\t\t\t<span class=\"elementor-grid-item\" role=\"listitem\">\n\t\t\t\t\t<a class=\"elementor-icon elementor-social-icon elementor-social-icon-whatsapp elementor-animation-shrink elementor-repeater-item-6ff1b56\" href=\"https:\/\/wa.me\/48735043073\">\n\t\t\t\t\t\t<span class=\"elementor-screen-only\">Whatsapp<\/span>\n\t\t\t\t\t\t<svg class=\"e-font-icon-svg e-fab-whatsapp\" viewbox=\"0 0 448 512\" xmlns=\"http:\/\/www.w3.org\/2000\/svg\"><path d=\"M380.9 97.1C339 55.1 283.2 32 223.9 32c-122.4 0-222 99.6-222 222 0 39.1 10.2 77.3 29.6 111L0 480l117.7-30.9c32.4 17.7 68.9 27 106.1 27h.1c122.3 0 224.1-99.6 224.1-222 0-59.3-25.2-115-67.1-157zm-157 341.6c-33.2 0-65.7-8.9-94-25.7l-6.7-4-69.8 18.3L72 359.2l-4.4-7c-18.5-29.4-28.2-63.3-28.2-98.2 0-101.7 82.8-184.5 184.6-184.5 49.3 0 95.6 19.2 130.4 54.1 34.8 34.9 56.2 81.2 56.1 130.5 0 101.8-84.9 184.6-186.6 184.6zm101.2-138.2c-5.5-2.8-32.8-16.2-37.9-18-5.1-1.9-8.8-2.8-12.5 2.8-3.7 5.6-14.3 18-17.6 21.8-3.2 3.7-6.5 4.2-12 1.4-32.6-16.3-54-29.1-75.5-66-5.7-9.8 5.7-9.1 16.3-30.3 1.8-3.7.9-6.9-.5-9.7-1.4-2.8-12.5-30.1-17.1-41.2-4.5-10.8-9.1-9.3-12.5-9.5-3.2-.2-6.9-.2-10.6-.2-3.7 0-9.7 1.4-14.8 6.9-5.1 5.6-19.4 19-19.4 46.3 0 27.3 19.9 53.7 22.6 57.4 2.8 3.7 39.1 59.7 94.8 83.8 35.2 15.2 49 16.5 66.6 13.9 10.7-1.6 32.8-13.4 37.4-26.4 4.6-13 4.6-24.1 3.2-26.4-1.3-2.5-5-3.9-10.5-6.6z\"><\/path><\/svg>\t\t\t\t\t<\/a>\n\t\t\t\t<\/span>\n\t\t\t\t\t\t\t<span class=\"elementor-grid-item\" role=\"listitem\">\n\t\t\t\t\t<a class=\"elementor-icon elementor-social-icon elementor-social-icon-instagram elementor-animation-shrink elementor-repeater-item-f40ea43\" href=\"https:\/\/instagram.com\/ajorzel\">\n\t\t\t\t\t\t<span class=\"elementor-screen-only\">Instagram<\/span>\n\t\t\t\t\t\t<svg class=\"e-font-icon-svg e-fab-instagram\" viewbox=\"0 0 448 512\" xmlns=\"http:\/\/www.w3.org\/2000\/svg\"><path d=\"M224.1 141c-63.6 0-114.9 51.3-114.9 114.9s51.3 114.9 114.9 114.9S339 319.5 339 255.9 287.7 141 224.1 141zm0 189.6c-41.1 0-74.7-33.5-74.7-74.7s33.5-74.7 74.7-74.7 74.7 33.5 74.7 74.7-33.6 74.7-74.7 74.7zm146.4-194.3c0 14.9-12 26.8-26.8 26.8-14.9 0-26.8-12-26.8-26.8s12-26.8 26.8-26.8 26.8 12 26.8 26.8zm76.1 27.2c-1.7-35.9-9.9-67.7-36.2-93.9-26.2-26.2-58-34.4-93.9-36.2-37-2.1-147.9-2.1-184.9 0-35.8 1.7-67.6 9.9-93.9 36.1s-34.4 58-36.2 93.9c-2.1 37-2.1 147.9 0 184.9 1.7 35.9 9.9 67.7 36.2 93.9s58 34.4 93.9 36.2c37 2.1 147.9 2.1 184.9 0 35.9-1.7 67.7-9.9 93.9-36.2 26.2-26.2 34.4-58 36.2-93.9 2.1-37 2.1-147.8 0-184.8zM398.8 388c-7.8 19.6-22.9 34.7-42.6 42.6-29.5 11.7-99.5 9-132.1 9s-102.7 2.6-132.1-9c-19.6-7.8-34.7-22.9-42.6-42.6-11.7-29.5-9-99.5-9-132.1s-2.6-102.7 9-132.1c7.8-19.6 22.9-34.7 42.6-42.6 29.5-11.7 99.5-9 132.1-9s102.7-2.6 132.1 9c19.6 7.8 34.7 22.9 42.6 42.6 11.7 29.5 9 99.5 9 132.1s2.7 102.7-9 132.1z\"><\/path><\/svg>\t\t\t\t\t<\/a>\n\t\t\t\t<\/span>\n\t\t\t\t\t<\/div>\n\t\t\t\t\t\t<\/div>\n\t\t\t\t<\/div>\n\t\t\t\t<div class=\"elementor-element elementor-element-77af7a1c elementor-widget elementor-widget-heading\" data-id=\"77af7a1c\" data-element_type=\"widget\" data-widget_type=\"heading.default\">\n\t\t\t\t<div class=\"elementor-widget-container\">\n\t\t\t\t\t<h2 class=\"elementor-heading-title elementor-size-default\">Anna Justyna Orze\u0142<\/h2>\t\t\t\t<\/div>\n\t\t\t\t<\/div>\n\t\t\t\t<div class=\"elementor-element elementor-element-7a4842e0 elementor-widget elementor-widget-heading\" data-id=\"7a4842e0\" data-element_type=\"widget\" data-widget_type=\"heading.default\">\n\t\t\t\t<div class=\"elementor-widget-container\">\n\t\t\t\t\t<h3 class=\"elementor-heading-title elementor-size-default\">Artist<\/h3>\t\t\t\t<\/div>\n\t\t\t\t<\/div>\n\t\t\t\t<div class=\"elementor-element elementor-element-2c981d46 elementor-position-left elementor-view-framed elementor-vertical-align-top elementor-shape-circle elementor-vertical-align-top elementor-widget elementor-widget-icon-box\" data-id=\"2c981d46\" data-element_type=\"widget\" data-widget_type=\"icon-box.default\">\n\t\t\t\t<div class=\"elementor-widget-container\">\n\t\t\t\t\t\t\t<div class=\"elementor-icon-box-wrapper\">\n\n\t\t\t\t\t\t<div class=\"elementor-icon-box-icon\">\n\t\t\t\t<a href=\"mailto:lezro4y@gmail.com\" class=\"elementor-icon\" tabindex=\"-1\" aria-label=\"lezro4y@gmail.com\">\n\t\t\t\t<svg aria-hidden=\"true\" class=\"e-font-icon-svg e-fas-envelope\" viewbox=\"0 0 512 512\" xmlns=\"http:\/\/www.w3.org\/2000\/svg\"><path d=\"M502.3 190.8c3.9-3.1 9.7-.2 9.7 4.7V400c0 26.5-21.5 48-48 48H48c-26.5 0-48-21.5-48-48V195.6c0-5 5.7-7.8 9.7-4.7 22.4 17.4 52.1 39.5 154.1 113.6 21.1 15.4 56.7 47.8 92.2 47.6 35.7.3 72-32.8 92.3-47.6 102-74.1 131.6-96.3 154-113.7zM256 320c23.2.4 56.6-29.2 73.4-41.4 132.7-96.3 142.8-104.7 173.4-128.7 5.8-4.5 9.2-11.5 9.2-18.9v-19c0-26.5-21.5-48-48-48H48C21.5 64 0 85.5 0 112v19c0 7.4 3.4 14.3 9.2 18.9 30.6 23.9 40.7 32.4 173.4 128.7 16.8 12.2 50.2 41.8 73.4 41.4z\"><\/path><\/svg>\t\t\t\t<\/a>\n\t\t\t<\/div>\n\t\t\t\n\t\t\t\t\t\t<div class=\"elementor-icon-box-content\">\n\n\t\t\t\t\t\t\t\t\t<div class=\"elementor-icon-box-title\">\n\t\t\t\t\t\t<a href=\"mailto:lezro4y@gmail.com\" >\n\t\t\t\t\t\t\tlezro4y@gmail.com\t\t\t\t\t\t<\/a>\n\t\t\t\t\t<\/div>\n\t\t\t\t\n\t\t\t\t\n\t\t\t<\/div>\n\t\t\t\n\t\t<\/div>\n\t\t\t\t\t\t<\/div>\n\t\t\t\t<\/div>\n\t\t\t\t<\/div>\n\t\t<div class=\"elementor-element elementor-element-3fee674c e-con-full e-flex wpr-particle-no wpr-jarallax-no wpr-parallax-no wpr-sticky-section-no e-con e-child\" data-id=\"3fee674c\" data-element_type=\"container\">\n\t\t\t\t<div class=\"elementor-element elementor-element-1d51d14 elementor-widget elementor-widget-image\" data-id=\"1d51d14\" data-element_type=\"widget\" data-widget_type=\"image.default\">\n\t\t\t\t<div class=\"elementor-widget-container\">\n\t\t\t\t\t\t\t\t\t\t\t\t\t\t\t<img fetchpriority=\"high\" decoding=\"async\" width=\"2148\" height=\"1640\" src=\"https:\/\/annaorzel.com\/wp-content\/uploads\/2025\/06\/zdjecie2.jpg\" class=\"attachment-full size-full wp-image-2431\" alt=\"\" srcset=\"https:\/\/annaorzel.com\/wp-content\/uploads\/2025\/06\/zdjecie2.jpg 2148w, https:\/\/annaorzel.com\/wp-content\/uploads\/2025\/06\/zdjecie2-300x229.jpg 300w, https:\/\/annaorzel.com\/wp-content\/uploads\/2025\/06\/zdjecie2-1024x782.jpg 1024w, https:\/\/annaorzel.com\/wp-content\/uploads\/2025\/06\/zdjecie2-768x586.jpg 768w, https:\/\/annaorzel.com\/wp-content\/uploads\/2025\/06\/zdjecie2-1536x1173.jpg 1536w, https:\/\/annaorzel.com\/wp-content\/uploads\/2025\/06\/zdjecie2-2048x1564.jpg 2048w, https:\/\/annaorzel.com\/wp-content\/uploads\/2025\/06\/zdjecie2-16x12.jpg 16w\" sizes=\"(max-width: 2148px) 100vw, 2148px\" \/>\t\t\t\t\t\t\t\t\t\t\t\t\t\t\t<\/div>\n\t\t\t\t<\/div>\n\t\t\t\t<\/div>\n\t\t\t\t<\/div>\n\t\t<div class=\"elementor-element elementor-element-2fa80551 e-con-full elementor-hidden-desktop elementor-hidden-tablet elementor-hidden-mobile e-flex wpr-particle-no wpr-jarallax-no wpr-parallax-no wpr-sticky-section-no e-con e-child\" data-id=\"2fa80551\" data-element_type=\"container\" data-settings=\"{&quot;background_background&quot;:&quot;classic&quot;}\">\n\t\t\t\t<div class=\"elementor-element elementor-element-843b20e elementor-widget elementor-widget-heading\" data-id=\"843b20e\" data-element_type=\"widget\" data-widget_type=\"heading.default\">\n\t\t\t\t<div class=\"elementor-widget-container\">\n\t\t\t\t\t<h2 class=\"elementor-heading-title elementor-size-default\">Buy paintings on Etsy.com<\/h2>\t\t\t\t<\/div>\n\t\t\t\t<\/div>\n\t\t\t\t<div class=\"elementor-element elementor-element-3fadb79a elementor-align-left elementor-widget elementor-widget-button\" data-id=\"3fadb79a\" data-element_type=\"widget\" data-widget_type=\"button.default\">\n\t\t\t\t<div class=\"elementor-widget-container\">\n\t\t\t\t\t\t\t\t\t<div class=\"elementor-button-wrapper\">\n\t\t\t\t\t<a class=\"elementor-button elementor-button-link elementor-size-sm\" href=\"#\">\n\t\t\t\t\t\t<span class=\"elementor-button-content-wrapper\">\n\t\t\t\t\t\t\t\t\t<span class=\"elementor-button-text\">Check<\/span>\n\t\t\t\t\t<\/span>\n\t\t\t\t\t<\/a>\n\t\t\t\t<\/div>\n\t\t\t\t\t\t\t\t<\/div>\n\t\t\t\t<\/div>\n\t\t\t\t<\/div>\n\t\t\t\t<\/div>\n\t\t\t\t<\/div>","protected":false},"excerpt":{"rendered":"<p>Kontakt Whatsapp Instagram Anna Justyna Orze\u0142 Artystka lezro4y@gmail.com Kup obrazy na stronie Etsy.com Zobacz obrazy<\/p>","protected":false},"author":1,"featured_media":0,"parent":0,"menu_order":0,"comment_status":"closed","ping_status":"closed","template":"","meta":{"footnotes":""},"class_list":["post-774","page","type-page","status-publish","hentry"],"yoast_head":"<!-- This site is optimized with the Yoast SEO plugin v25.2 - https:\/\/yoast.com\/wordpress\/plugins\/seo\/ -->\n<title>Kontakt | Anna Orze\u0142 - malarstwo olejne, sztuka u\u017cytkowa.<\/title>\n<meta name=\"robots\" content=\"index, follow, max-snippet:-1, max-image-preview:large, max-video-preview:-1\" \/>\n<link rel=\"canonical\" href=\"https:\/\/annaorzel.com\/en\/kontakt\/\" \/>\n<meta property=\"og:locale\" content=\"en_GB\" \/>\n<meta property=\"og:type\" content=\"article\" \/>\n<meta property=\"og:title\" content=\"Kontakt | Anna Orze\u0142 - malarstwo olejne, sztuka u\u017cytkowa.\" \/>\n<meta property=\"og:description\" content=\"Kontakt Whatsapp Instagram Anna Justyna Orze\u0142 Artystka lezro4y@gmail.com Kup obrazy na stronie Etsy.com Zobacz obrazy\" \/>\n<meta property=\"og:url\" content=\"https:\/\/annaorzel.com\/en\/kontakt\/\" \/>\n<meta property=\"og:site_name\" content=\"Anna Orze\u0142 - malarstwo olejne, sztuka u\u017cytkowa.\" \/>\n<meta property=\"article:modified_time\" content=\"2025-09-22T10:29:21+00:00\" \/>\n<meta property=\"og:image\" content=\"https:\/\/annaorzel.com\/wp-content\/uploads\/2025\/06\/zdjecie2.jpg\" \/>\n\t<meta property=\"og:image:width\" content=\"2148\" \/>\n\t<meta property=\"og:image:height\" content=\"1640\" \/>\n\t<meta property=\"og:image:type\" content=\"image\/jpeg\" \/>\n<meta name=\"twitter:card\" content=\"summary_large_image\" \/>\n<meta name=\"twitter:label1\" content=\"Estimated reading time\" \/>\n\t<meta name=\"twitter:data1\" content=\"1 minute\" \/>\n<script type=\"application\/ld+json\" class=\"yoast-schema-graph\">{\"@context\":\"https:\/\/schema.org\",\"@graph\":[{\"@type\":\"WebPage\",\"@id\":\"https:\/\/annaorzel.com\/kontakt\/\",\"url\":\"https:\/\/annaorzel.com\/kontakt\/\",\"name\":\"Kontakt | Anna Orze\u0142 - malarstwo olejne, sztuka u\u017cytkowa.\",\"isPartOf\":{\"@id\":\"https:\/\/annaorzel.com\/#website\"},\"primaryImageOfPage\":{\"@id\":\"https:\/\/annaorzel.com\/kontakt\/#primaryimage\"},\"image\":{\"@id\":\"https:\/\/annaorzel.com\/kontakt\/#primaryimage\"},\"thumbnailUrl\":\"https:\/\/annaorzel.com\/wp-content\/uploads\/2025\/06\/zdjecie2.jpg\",\"datePublished\":\"2025-05-29T09:45:30+00:00\",\"dateModified\":\"2025-09-22T10:29:21+00:00\",\"breadcrumb\":{\"@id\":\"https:\/\/annaorzel.com\/kontakt\/#breadcrumb\"},\"inLanguage\":\"en-GB\",\"potentialAction\":[{\"@type\":\"ReadAction\",\"target\":[\"https:\/\/annaorzel.com\/kontakt\/\"]}]},{\"@type\":\"ImageObject\",\"inLanguage\":\"en-GB\",\"@id\":\"https:\/\/annaorzel.com\/kontakt\/#primaryimage\",\"url\":\"https:\/\/annaorzel.com\/wp-content\/uploads\/2025\/06\/zdjecie2.jpg\",\"contentUrl\":\"https:\/\/annaorzel.com\/wp-content\/uploads\/2025\/06\/zdjecie2.jpg\"},{\"@type\":\"BreadcrumbList\",\"@id\":\"https:\/\/annaorzel.com\/kontakt\/#breadcrumb\",\"itemListElement\":[{\"@type\":\"ListItem\",\"position\":1,\"name\":\"Strona g\u0142\u00f3wna\",\"item\":\"https:\/\/annaorzel.com\/\"},{\"@type\":\"ListItem\",\"position\":2,\"name\":\"Kontakt\"}]},{\"@type\":\"WebSite\",\"@id\":\"https:\/\/annaorzel.com\/#website\",\"url\":\"https:\/\/annaorzel.com\/\",\"name\":\"Anna Orze\u0142 - malarstwo olejne, sztuka u\u017cytkowa.\",\"description\":\"\",\"publisher\":{\"@id\":\"https:\/\/annaorzel.com\/#organization\"},\"potentialAction\":[{\"@type\":\"SearchAction\",\"target\":{\"@type\":\"EntryPoint\",\"urlTemplate\":\"https:\/\/annaorzel.com\/?s={search_term_string}\"},\"query-input\":{\"@type\":\"PropertyValueSpecification\",\"valueRequired\":true,\"valueName\":\"search_term_string\"}}],\"inLanguage\":\"en-GB\"},{\"@type\":\"Organization\",\"@id\":\"https:\/\/annaorzel.com\/#organization\",\"name\":\"Anna Orze\u0142 - malarstwo olejne, sztuka u\u017cytkowa.\",\"url\":\"https:\/\/annaorzel.com\/\",\"logo\":{\"@type\":\"ImageObject\",\"inLanguage\":\"en-GB\",\"@id\":\"https:\/\/annaorzel.com\/#\/schema\/logo\/image\/\",\"url\":\"https:\/\/annaorzel.com\/wp-content\/uploads\/2025\/05\/cropped-cropped-Pasek-pod-nawigacje-1.jpg\",\"contentUrl\":\"https:\/\/annaorzel.com\/wp-content\/uploads\/2025\/05\/cropped-cropped-Pasek-pod-nawigacje-1.jpg\",\"width\":512,\"height\":512,\"caption\":\"Anna Orze\u0142 - malarstwo olejne, sztuka u\u017cytkowa.\"},\"image\":{\"@id\":\"https:\/\/annaorzel.com\/#\/schema\/logo\/image\/\"}}]}<\/script>\n<!-- \/ Yoast SEO plugin. -->","yoast_head_json":{"title":"Kontakt | Anna Orze\u0142 - malarstwo olejne, sztuka u\u017cytkowa.","robots":{"index":"index","follow":"follow","max-snippet":"max-snippet:-1","max-image-preview":"max-image-preview:large","max-video-preview":"max-video-preview:-1"},"canonical":"https:\/\/annaorzel.com\/en\/kontakt\/","og_locale":"en_GB","og_type":"article","og_title":"Kontakt | Anna Orze\u0142 - malarstwo olejne, sztuka u\u017cytkowa.","og_description":"Kontakt Whatsapp Instagram Anna Justyna Orze\u0142 Artystka lezro4y@gmail.com Kup obrazy na stronie Etsy.com Zobacz obrazy","og_url":"https:\/\/annaorzel.com\/en\/kontakt\/","og_site_name":"Anna Orze\u0142 - malarstwo olejne, sztuka u\u017cytkowa.","article_modified_time":"2025-09-22T10:29:21+00:00","og_image":[{"width":2148,"height":1640,"url":"https:\/\/annaorzel.com\/wp-content\/uploads\/2025\/06\/zdjecie2.jpg","type":"image\/jpeg"}],"twitter_card":"summary_large_image","twitter_misc":{"Estimated reading time":"1 minute"},"schema":{"@context":"https:\/\/schema.org","@graph":[{"@type":"WebPage","@id":"https:\/\/annaorzel.com\/kontakt\/","url":"https:\/\/annaorzel.com\/kontakt\/","name":"Kontakt | Anna Orze\u0142 - malarstwo olejne, sztuka u\u017cytkowa.","isPartOf":{"@id":"https:\/\/annaorzel.com\/#website"},"primaryImageOfPage":{"@id":"https:\/\/annaorzel.com\/kontakt\/#primaryimage"},"image":{"@id":"https:\/\/annaorzel.com\/kontakt\/#primaryimage"},"thumbnailUrl":"https:\/\/annaorzel.com\/wp-content\/uploads\/2025\/06\/zdjecie2.jpg","datePublished":"2025-05-29T09:45:30+00:00","dateModified":"2025-09-22T10:29:21+00:00","breadcrumb":{"@id":"https:\/\/annaorzel.com\/kontakt\/#breadcrumb"},"inLanguage":"en-GB","potentialAction":[{"@type":"ReadAction","target":["https:\/\/annaorzel.com\/kontakt\/"]}]},{"@type":"ImageObject","inLanguage":"en-GB","@id":"https:\/\/annaorzel.com\/kontakt\/#primaryimage","url":"https:\/\/annaorzel.com\/wp-content\/uploads\/2025\/06\/zdjecie2.jpg","contentUrl":"https:\/\/annaorzel.com\/wp-content\/uploads\/2025\/06\/zdjecie2.jpg"},{"@type":"BreadcrumbList","@id":"https:\/\/annaorzel.com\/kontakt\/#breadcrumb","itemListElement":[{"@type":"ListItem","position":1,"name":"Strona g\u0142\u00f3wna","item":"https:\/\/annaorzel.com\/"},{"@type":"ListItem","position":2,"name":"Kontakt"}]},{"@type":"WebSite","@id":"https:\/\/annaorzel.com\/#website","url":"https:\/\/annaorzel.com\/","name":"Anna Orze\u0142 - malarstwo olejne, sztuka u\u017cytkowa.","description":"","publisher":{"@id":"https:\/\/annaorzel.com\/#organization"},"potentialAction":[{"@type":"SearchAction","target":{"@type":"EntryPoint","urlTemplate":"https:\/\/annaorzel.com\/?s={search_term_string}"},"query-input":{"@type":"PropertyValueSpecification","valueRequired":true,"valueName":"search_term_string"}}],"inLanguage":"en-GB"},{"@type":"Organization","@id":"https:\/\/annaorzel.com\/#organization","name":"Anna Orze\u0142 - malarstwo olejne, sztuka u\u017cytkowa.","url":"https:\/\/annaorzel.com\/","logo":{"@type":"ImageObject","inLanguage":"en-GB","@id":"https:\/\/annaorzel.com\/#\/schema\/logo\/image\/","url":"https:\/\/annaorzel.com\/wp-content\/uploads\/2025\/05\/cropped-cropped-Pasek-pod-nawigacje-1.jpg","contentUrl":"https:\/\/annaorzel.com\/wp-content\/uploads\/2025\/05\/cropped-cropped-Pasek-pod-nawigacje-1.jpg","width":512,"height":512,"caption":"Anna Orze\u0142 - malarstwo olejne, sztuka u\u017cytkowa."},"image":{"@id":"https:\/\/annaorzel.com\/#\/schema\/logo\/image\/"}}]}},"_links":{"self":[{"href":"https:\/\/annaorzel.com\/en\/wp-json\/wp\/v2\/pages\/774","targetHints":{"allow":["GET"]}}],"collection":[{"href":"https:\/\/annaorzel.com\/en\/wp-json\/wp\/v2\/pages"}],"about":[{"href":"https:\/\/annaorzel.com\/en\/wp-json\/wp\/v2\/types\/page"}],"author":[{"embeddable":true,"href":"https:\/\/annaorzel.com\/en\/wp-json\/wp\/v2\/users\/1"}],"replies":[{"embeddable":true,"href":"https:\/\/annaorzel.com\/en\/wp-json\/wp\/v2\/comments?post=774"}],"version-history":[{"count":12,"href":"https:\/\/annaorzel.com\/en\/wp-json\/wp\/v2\/pages\/774\/revisions"}],"predecessor-version":[{"id":2628,"href":"https:\/\/annaorzel.com\/en\/wp-json\/wp\/v2\/pages\/774\/revisions\/2628"}],"wp:attachment":[{"href":"https:\/\/annaorzel.com\/en\/wp-json\/wp\/v2\/media?parent=774"}],"curies":[{"name":"wp","href":"https:\/\/api.w.org\/{rel}","templated":true}]}}