{"id":670,"date":"2025-05-29T11:10:21","date_gmt":"2025-05-29T09:10:21","guid":{"rendered":"https:\/\/annaorzel.com\/?page_id=670"},"modified":"2025-09-22T12:28:52","modified_gmt":"2025-09-22T10:28:52","slug":"galeria","status":"publish","type":"page","link":"https:\/\/annaorzel.com\/en\/galeria\/","title":{"rendered":"Gallery"},"content":{"rendered":"<div data-elementor-type=\"wp-page\" data-elementor-id=\"670\" class=\"elementor elementor-670\">\n\t\t\t\t<div class=\"elementor-element elementor-element-521023c1 e-con-full e-flex wpr-particle-no wpr-jarallax-no wpr-parallax-no wpr-sticky-section-no e-con e-parent\" data-id=\"521023c1\" data-element_type=\"container\" data-settings=\"{&quot;background_background&quot;:&quot;classic&quot;}\">\n\t\t\t\t<div class=\"elementor-element elementor-element-1da0d1fb animated-fast elementor-invisible elementor-widget elementor-widget-heading\" data-id=\"1da0d1fb\" data-element_type=\"widget\" data-settings=\"{&quot;_animation&quot;:&quot;fadeIn&quot;}\" data-widget_type=\"heading.default\">\n\t\t\t\t<div class=\"elementor-widget-container\">\n\t\t\t\t\t<h2 class=\"elementor-heading-title elementor-size-default\">Art gallery<\/h2>\t\t\t\t<\/div>\n\t\t\t\t<\/div>\n\t\t\t\t<\/div>\n\t\t<div class=\"elementor-element elementor-element-d70778c e-con-full animated-fast e-flex wpr-particle-no wpr-jarallax-no wpr-parallax-no wpr-sticky-section-no elementor-invisible e-con e-parent\" data-id=\"d70778c\" data-element_type=\"container\" data-settings=\"{&quot;animation&quot;:&quot;fadeIn&quot;}\">\n\t\t<div class=\"elementor-element elementor-element-a9829bf e-con-full e-flex wpr-particle-no wpr-jarallax-no wpr-parallax-no wpr-sticky-section-no e-con e-child\" data-id=\"a9829bf\" data-element_type=\"container\">\n\t\t\t\t<div class=\"elementor-element elementor-element-9bb8de6 wpr-grid-columns--tablet2 wpr-grid-columns-3 wpr-grid-columns--mobile1 wpr-grid-pagination-center wpr-item-styles-inner elementor-widget elementor-widget-wpr-grid\" data-id=\"9bb8de6\" data-element_type=\"widget\" data-widget_type=\"wpr-grid.default\">\n\t\t\t\t<div class=\"elementor-widget-container\">\n\t\t\t\t\t<ul class=\"wpr-grid-filters elementor-clearfix wpr-grid-filters-sep-right\"><li class=\"wpr-pointer-none wpr-pointer-line-fx wpr-pointer-fx-none\"><span  data-filter=\"*\" class=\"wpr-grid-filters-item wpr-active-filter\">All Posts<\/span><em class=\"wpr-grid-filters-sep\"><\/em><\/li><li class=\"wpr-pointer-none wpr-pointer-line-fx wpr-pointer-fx-none\"><span   data-ajax-filter=\"[\"category\",\"malarstwo\"]\" data-filter=\".category-malarstwo\">Malarstwo<\/span><em class=\"wpr-grid-filters-sep\"><\/em><\/li><\/ul><section class=\"wpr-grid elementor-clearfix\" data-settings=\"{&quot;layout&quot;:&quot;fitRows&quot;,&quot;stick_last_element_to_bottom&quot;:&quot;&quot;,&quot;columns_desktop&quot;:3,&quot;gutter_hr&quot;:30,&quot;gutter_hr_mobile&quot;:40,&quot;gutter_hr_mobile_extra&quot;:40,&quot;gutter_hr_tablet&quot;:40,&quot;gutter_hr_tablet_extra&quot;:30,&quot;gutter_hr_laptop&quot;:30,&quot;gutter_hr_widescreen&quot;:30,&quot;gutter_vr&quot;:20,&quot;gutter_vr_mobile&quot;:50,&quot;gutter_vr_mobile_extra&quot;:40,&quot;gutter_vr_tablet&quot;:40,&quot;gutter_vr_tablet_extra&quot;:20,&quot;gutter_vr_laptop&quot;:20,&quot;gutter_vr_widescreen&quot;:20,&quot;animation&quot;:&quot;default&quot;,&quot;animation_duration&quot;:0.3,&quot;animation_delay&quot;:0.1,&quot;deeplinking&quot;:&quot;&quot;,&quot;filters_linkable&quot;:&quot;no&quot;,&quot;filters_default_filter&quot;:&quot;&quot;,&quot;filters_count&quot;:&quot;&quot;,&quot;filters_hide_empty&quot;:&quot;no&quot;,&quot;filters_animation&quot;:&quot;default&quot;,&quot;filters_animation_duration&quot;:0.3,&quot;filters_animation_delay&quot;:0.1,&quot;pagination_type&quot;:&quot;load-more&quot;,&quot;pagination_max_pages&quot;:1,&quot;lightbox&quot;:{&quot;selector&quot;:&quot;.wpr-grid-image-wrap&quot;,&quot;iframeMaxWidth&quot;:&quot;60%&quot;,&quot;hash&quot;:false,&quot;autoplay&quot;:&quot;&quot;,&quot;pause&quot;:5000,&quot;progressBar&quot;:&quot;true&quot;,&quot;counter&quot;:&quot;&quot;,&quot;controls&quot;:&quot;&quot;,&quot;getCaptionFromTitleOrAlt&quot;:&quot;&quot;,&quot;thumbnail&quot;:&quot;&quot;,&quot;showThumbByDefault&quot;:&quot;&quot;,&quot;share&quot;:&quot;&quot;,&quot;zoom&quot;:&quot;&quot;,&quot;fullScreen&quot;:&quot;&quot;,&quot;download&quot;:&quot;&quot;}}\"><article class=\"wpr-grid-item elementor-clearfix post-2652 post type-post status-publish format-standard has-post-thumbnail hentry category-malarstwo\"><div class=\"wpr-grid-item-inner\"><div class=\"wpr-grid-media-wrap wpr-effect-size-medium\" data-overlay-link=\"yes\"><div class=\"wpr-grid-image-wrap\" data-src=\"https:\/\/annaorzel.com\/wp-content\/uploads\/2025\/09\/O.-Dolindo-Ruotolo.jpg\" data-img-on-hover=\"\"  data-src-secondary=\"\"><img decoding=\"async\" data-no-lazy=\"1\" src=\"https:\/\/annaorzel.com\/wp-content\/uploads\/2025\/09\/O.-Dolindo-Ruotolo.jpg\" alt=\"o. Dolindo Ruotolo\" class=\"wpr-anim-timing-ease-default\"><\/div><div class=\"wpr-grid-media-hover wpr-animation-wrap\"><div class=\"wpr-grid-media-hover-bg\" data-url=\"https:\/\/annaorzel.com\/en\/o-dolindo-ruotolo\/\"><\/div><\/div><\/div><div class=\"wpr-grid-item-below-content elementor-clearfix\"><h2 class=\"wpr-grid-item-title elementor-repeater-item-1eea6fd wpr-grid-item-display-block wpr-grid-item-align-left wpr-pointer-none wpr-pointer-line-fx wpr-pointer-fx-fade\"><div class=\"inner-block\"><a target=\"_self\"  href=\"https:\/\/annaorzel.com\/en\/o-dolindo-ruotolo\/\">Fr. Dolindo Ruotolo<\/a><\/div><\/h2><div class=\"wpr-grid-item-excerpt elementor-repeater-item-ecc7fff wpr-grid-item-display-block wpr-grid-item-align-left\"><div class=\"inner-block\"><p>Oil on canvas, 30x40 cm<\/p><\/div><\/div><div class=\"wpr-grid-item-read-more elementor-repeater-item-43c255f wpr-grid-item-display-block wpr-grid-item-align-left\"><div class=\"inner-block\"><a target=\"_self\" href=\"https:\/\/annaorzel.com\/en\/o-dolindo-ruotolo\/\" class=\"wpr-button-effect wpr-button-none\"><span>View<\/span><\/a><\/div><\/div><\/div><\/div><\/article><article class=\"wpr-grid-item elementor-clearfix post-1370 post type-post status-publish format-standard has-post-thumbnail hentry category-malarstwo\"><div class=\"wpr-grid-item-inner\"><div class=\"wpr-grid-media-wrap wpr-effect-size-medium\" data-overlay-link=\"yes\"><div class=\"wpr-grid-image-wrap\" data-src=\"https:\/\/annaorzel.com\/wp-content\/uploads\/2025\/05\/obraz_wybuch_mockup.jpg\" data-img-on-hover=\"\"  data-src-secondary=\"\"><img decoding=\"async\" data-no-lazy=\"1\" src=\"https:\/\/annaorzel.com\/wp-content\/uploads\/2025\/05\/obraz_wybuch_mockup.jpg\" alt=\"Wybuch\" class=\"wpr-anim-timing-ease-default\"><\/div><div class=\"wpr-grid-media-hover wpr-animation-wrap\"><div class=\"wpr-grid-media-hover-bg\" data-url=\"https:\/\/annaorzel.com\/en\/wybuch\/\"><\/div><\/div><\/div><div class=\"wpr-grid-item-below-content elementor-clearfix\"><h2 class=\"wpr-grid-item-title elementor-repeater-item-1eea6fd wpr-grid-item-display-block wpr-grid-item-align-left wpr-pointer-none wpr-pointer-line-fx wpr-pointer-fx-fade\"><div class=\"inner-block\"><a target=\"_self\"  href=\"https:\/\/annaorzel.com\/en\/wybuch\/\">Explosion<\/a><\/div><\/h2><div class=\"wpr-grid-item-excerpt elementor-repeater-item-ecc7fff wpr-grid-item-display-block wpr-grid-item-align-left\"><div class=\"inner-block\"><p>Oil on canvas, 185x145 cm<\/p><\/div><\/div><div class=\"wpr-grid-item-read-more elementor-repeater-item-43c255f wpr-grid-item-display-block wpr-grid-item-align-left\"><div class=\"inner-block\"><a target=\"_self\" href=\"https:\/\/annaorzel.com\/en\/wybuch\/\" class=\"wpr-button-effect wpr-button-none\"><span>View<\/span><\/a><\/div><\/div><\/div><\/div><\/article><article class=\"wpr-grid-item elementor-clearfix post-1359 post type-post status-publish format-standard has-post-thumbnail hentry category-malarstwo\"><div class=\"wpr-grid-item-inner\"><div class=\"wpr-grid-media-wrap wpr-effect-size-medium\" data-overlay-link=\"yes\"><div class=\"wpr-grid-image-wrap\" data-src=\"https:\/\/annaorzel.com\/wp-content\/uploads\/2025\/05\/obraz_energia-milosci_mockup.jpg\" data-img-on-hover=\"\"  data-src-secondary=\"\"><img decoding=\"async\" data-no-lazy=\"1\" src=\"https:\/\/annaorzel.com\/wp-content\/uploads\/2025\/05\/obraz_energia-milosci_mockup.jpg\" alt=\"Wibracje\" class=\"wpr-anim-timing-ease-default\"><\/div><div class=\"wpr-grid-media-hover wpr-animation-wrap\"><div class=\"wpr-grid-media-hover-bg\" data-url=\"https:\/\/annaorzel.com\/en\/wibracje\/\"><\/div><\/div><\/div><div class=\"wpr-grid-item-below-content elementor-clearfix\"><h2 class=\"wpr-grid-item-title elementor-repeater-item-1eea6fd wpr-grid-item-display-block wpr-grid-item-align-left wpr-pointer-none wpr-pointer-line-fx wpr-pointer-fx-fade\"><div class=\"inner-block\"><a target=\"_self\"  href=\"https:\/\/annaorzel.com\/en\/wibracje\/\">Vibrations<\/a><\/div><\/h2><div class=\"wpr-grid-item-excerpt elementor-repeater-item-ecc7fff wpr-grid-item-display-block wpr-grid-item-align-left\"><div class=\"inner-block\"><p>Oil on canvas, 150x100 cm<\/p><\/div><\/div><div class=\"wpr-grid-item-read-more elementor-repeater-item-43c255f wpr-grid-item-display-block wpr-grid-item-align-left\"><div class=\"inner-block\"><a target=\"_self\" href=\"https:\/\/annaorzel.com\/en\/wibracje\/\" class=\"wpr-button-effect wpr-button-none\"><span>View<\/span><\/a><\/div><\/div><\/div><\/div><\/article><article class=\"wpr-grid-item elementor-clearfix post-458 post type-post status-publish format-standard has-post-thumbnail hentry category-malarstwo\"><div class=\"wpr-grid-item-inner\"><div class=\"wpr-grid-media-wrap wpr-effect-size-medium\" data-overlay-link=\"yes\"><div class=\"wpr-grid-image-wrap\" data-src=\"https:\/\/annaorzel.com\/wp-content\/uploads\/2025\/05\/obraz_pozytywne-nastroje_mockup.jpg\" data-img-on-hover=\"\"  data-src-secondary=\"\"><img decoding=\"async\" data-no-lazy=\"1\" src=\"https:\/\/annaorzel.com\/wp-content\/uploads\/2025\/05\/obraz_pozytywne-nastroje_mockup.jpg\" alt=\"Energia p\u0142odno\u015bci\" class=\"wpr-anim-timing-ease-default\"><\/div><div class=\"wpr-grid-media-hover wpr-animation-wrap\"><div class=\"wpr-grid-media-hover-bg\" data-url=\"https:\/\/annaorzel.com\/en\/energia-plodnosci\/\"><\/div><\/div><\/div><div class=\"wpr-grid-item-below-content elementor-clearfix\"><h2 class=\"wpr-grid-item-title elementor-repeater-item-1eea6fd wpr-grid-item-display-block wpr-grid-item-align-left wpr-pointer-none wpr-pointer-line-fx wpr-pointer-fx-fade\"><div class=\"inner-block\"><a target=\"_self\"  href=\"https:\/\/annaorzel.com\/en\/energia-plodnosci\/\">Fertility energy<\/a><\/div><\/h2><div class=\"wpr-grid-item-excerpt elementor-repeater-item-ecc7fff wpr-grid-item-display-block wpr-grid-item-align-left\"><div class=\"inner-block\"><p>Oil on canvas, 150x100 cm<\/p><\/div><\/div><div class=\"wpr-grid-item-read-more elementor-repeater-item-43c255f wpr-grid-item-display-block wpr-grid-item-align-left\"><div class=\"inner-block\"><a target=\"_self\" href=\"https:\/\/annaorzel.com\/en\/energia-plodnosci\/\" class=\"wpr-button-effect wpr-button-none\"><span>View<\/span><\/a><\/div><\/div><\/div><\/div><\/article><article class=\"wpr-grid-item elementor-clearfix post-2481 post type-post status-publish format-standard has-post-thumbnail hentry category-malarstwo\"><div class=\"wpr-grid-item-inner\"><div class=\"wpr-grid-media-wrap wpr-effect-size-medium\" data-overlay-link=\"yes\"><div class=\"wpr-grid-image-wrap\" data-src=\"https:\/\/annaorzel.com\/wp-content\/uploads\/2025\/06\/obraz_max-kolbe_mockup.jpg\" data-img-on-hover=\"\"  data-src-secondary=\"\"><img decoding=\"async\" data-no-lazy=\"1\" src=\"https:\/\/annaorzel.com\/wp-content\/uploads\/2025\/06\/obraz_max-kolbe_mockup.jpg\" alt=\"\u015bw. Maksymilian Kolbe\" class=\"wpr-anim-timing-ease-default\"><\/div><div class=\"wpr-grid-media-hover wpr-animation-wrap\"><div class=\"wpr-grid-media-hover-bg\" data-url=\"https:\/\/annaorzel.com\/en\/max-kolbe\/\"><\/div><\/div><\/div><div class=\"wpr-grid-item-below-content elementor-clearfix\"><h2 class=\"wpr-grid-item-title elementor-repeater-item-1eea6fd wpr-grid-item-display-block wpr-grid-item-align-left wpr-pointer-none wpr-pointer-line-fx wpr-pointer-fx-fade\"><div class=\"inner-block\"><a target=\"_self\"  href=\"https:\/\/annaorzel.com\/en\/max-kolbe\/\">st. Maximilian Kolbe<\/a><\/div><\/h2><div class=\"wpr-grid-item-excerpt elementor-repeater-item-ecc7fff wpr-grid-item-display-block wpr-grid-item-align-left\"><div class=\"inner-block\"><p>Oil on canvas, 40x30 cm<\/p><\/div><\/div><div class=\"wpr-grid-item-read-more elementor-repeater-item-43c255f wpr-grid-item-display-block wpr-grid-item-align-left\"><div class=\"inner-block\"><a target=\"_self\" href=\"https:\/\/annaorzel.com\/en\/max-kolbe\/\" class=\"wpr-button-effect wpr-button-none\"><span>View<\/span><\/a><\/div><\/div><\/div><\/div><\/article><article class=\"wpr-grid-item elementor-clearfix post-1380 post type-post status-publish format-standard has-post-thumbnail hentry category-malarstwo\"><div class=\"wpr-grid-item-inner\"><div class=\"wpr-grid-media-wrap wpr-effect-size-medium\" data-overlay-link=\"yes\"><div class=\"wpr-grid-image-wrap\" data-src=\"https:\/\/annaorzel.com\/wp-content\/uploads\/2025\/05\/obraz_splot-wydarzen_mockup.jpg\" data-img-on-hover=\"\"  data-src-secondary=\"\"><img decoding=\"async\" data-no-lazy=\"1\" src=\"https:\/\/annaorzel.com\/wp-content\/uploads\/2025\/05\/obraz_splot-wydarzen_mockup.jpg\" alt=\"Energia mi\u0142o\u015bci\" class=\"wpr-anim-timing-ease-default\"><\/div><div class=\"wpr-grid-media-hover wpr-animation-wrap\"><div class=\"wpr-grid-media-hover-bg\" data-url=\"https:\/\/annaorzel.com\/en\/energia-milosci\/\"><\/div><\/div><\/div><div class=\"wpr-grid-item-below-content elementor-clearfix\"><h2 class=\"wpr-grid-item-title elementor-repeater-item-1eea6fd wpr-grid-item-display-block wpr-grid-item-align-left wpr-pointer-none wpr-pointer-line-fx wpr-pointer-fx-fade\"><div class=\"inner-block\"><a target=\"_self\"  href=\"https:\/\/annaorzel.com\/en\/energia-milosci\/\">Love energy<\/a><\/div><\/h2><div class=\"wpr-grid-item-excerpt elementor-repeater-item-ecc7fff wpr-grid-item-display-block wpr-grid-item-align-left\"><div class=\"inner-block\"><p>Oil on canvas, 150x100 cm<\/p><\/div><\/div><div class=\"wpr-grid-item-read-more elementor-repeater-item-43c255f wpr-grid-item-display-block wpr-grid-item-align-left\"><div class=\"inner-block\"><a target=\"_self\" href=\"https:\/\/annaorzel.com\/en\/energia-milosci\/\" class=\"wpr-button-effect wpr-button-none\"><span>View<\/span><\/a><\/div><\/div><\/div><\/div><\/article><\/section>\t\t\t\t<\/div>\n\t\t\t\t<\/div>\n\t\t\t\t<\/div>\n\t\t\t\t<\/div>\n\t\t<div class=\"elementor-element elementor-element-2fa80551 elementor-hidden-desktop elementor-hidden-tablet elementor-hidden-mobile e-flex e-con-boxed wpr-particle-no wpr-jarallax-no wpr-parallax-no wpr-sticky-section-no e-con e-parent\" data-id=\"2fa80551\" data-element_type=\"container\" data-settings=\"{&quot;background_background&quot;:&quot;classic&quot;}\">\n\t\t\t\t\t<div class=\"e-con-inner\">\n\t\t\t\t<div class=\"elementor-element elementor-element-843b20e elementor-widget elementor-widget-heading\" data-id=\"843b20e\" data-element_type=\"widget\" data-widget_type=\"heading.default\">\n\t\t\t\t<div class=\"elementor-widget-container\">\n\t\t\t\t\t<h2 class=\"elementor-heading-title elementor-size-default\">Buy paintings on Etsy.com<\/h2>\t\t\t\t<\/div>\n\t\t\t\t<\/div>\n\t\t\t\t<div class=\"elementor-element elementor-element-3fadb79a elementor-align-left elementor-widget elementor-widget-button\" data-id=\"3fadb79a\" data-element_type=\"widget\" data-widget_type=\"button.default\">\n\t\t\t\t<div class=\"elementor-widget-container\">\n\t\t\t\t\t\t\t\t\t<div class=\"elementor-button-wrapper\">\n\t\t\t\t\t<a class=\"elementor-button elementor-button-link elementor-size-sm\" href=\"#\">\n\t\t\t\t\t\t<span class=\"elementor-button-content-wrapper\">\n\t\t\t\t\t\t\t\t\t<span class=\"elementor-button-text\">Check<\/span>\n\t\t\t\t\t<\/span>\n\t\t\t\t\t<\/a>\n\t\t\t\t<\/div>\n\t\t\t\t\t\t\t\t<\/div>\n\t\t\t\t<\/div>\n\t\t\t\t\t<\/div>\n\t\t\t\t<\/div>\n\t\t\t\t<\/div>","protected":false},"excerpt":{"rendered":"<p>Galeria prac All Posts Malarstwo Wybuch Olej na p\u0142\u00f3tnie, 185&#215;145 cm Zobacz obraz Wibracje Olej na p\u0142\u00f3tnie, 150&#215;100 cm Zobacz obraz Energia p\u0142odno\u015bci Olej na p\u0142\u00f3tnie, 150&#215;100 cm Zobacz obraz \u015bw. Maksymilian Kolbe Olej na p\u0142\u00f3tnie, 40&#215;30 cm Zobacz obraz Energia mi\u0142o\u015bci Olej na p\u0142\u00f3tnie, 150&#215;100 cm Zobacz obraz Kup obrazy na stronie Etsy.com Zobacz obrazy<\/p>","protected":false},"author":1,"featured_media":0,"parent":0,"menu_order":0,"comment_status":"closed","ping_status":"closed","template":"","meta":{"footnotes":""},"class_list":["post-670","page","type-page","status-publish","hentry"],"yoast_head":"<!-- This site is optimized with the Yoast SEO plugin v25.2 - https:\/\/yoast.com\/wordpress\/plugins\/seo\/ -->\n<title>Galeria | Anna Orze\u0142 - malarstwo olejne, sztuka u\u017cytkowa.<\/title>\n<meta name=\"robots\" content=\"index, follow, max-snippet:-1, max-image-preview:large, max-video-preview:-1\" \/>\n<link rel=\"canonical\" href=\"https:\/\/annaorzel.com\/en\/galeria\/\" \/>\n<meta property=\"og:locale\" content=\"en_GB\" \/>\n<meta property=\"og:type\" content=\"article\" \/>\n<meta property=\"og:title\" content=\"Galeria | Anna Orze\u0142 - malarstwo olejne, sztuka u\u017cytkowa.\" \/>\n<meta property=\"og:description\" content=\"Galeria prac All Posts Malarstwo Wybuch Olej na p\u0142\u00f3tnie, 185&#215;145 cm Zobacz obraz Wibracje Olej na p\u0142\u00f3tnie, 150&#215;100 cm Zobacz obraz Energia p\u0142odno\u015bci Olej na p\u0142\u00f3tnie, 150&#215;100 cm Zobacz obraz \u015bw. Maksymilian Kolbe Olej na p\u0142\u00f3tnie, 40&#215;30 cm Zobacz obraz Energia mi\u0142o\u015bci Olej na p\u0142\u00f3tnie, 150&#215;100 cm Zobacz obraz Kup obrazy na stronie Etsy.com Zobacz obrazy\" \/>\n<meta property=\"og:url\" content=\"https:\/\/annaorzel.com\/en\/galeria\/\" \/>\n<meta property=\"og:site_name\" content=\"Anna Orze\u0142 - malarstwo olejne, sztuka u\u017cytkowa.\" \/>\n<meta property=\"article:modified_time\" content=\"2025-09-22T10:28:52+00:00\" \/>\n<meta property=\"og:image\" content=\"https:\/\/annaorzel.com\/wp-content\/uploads\/2025\/05\/obraz_wybuch_mockup.jpg\" \/>\n<meta name=\"twitter:card\" content=\"summary_large_image\" \/>\n<meta name=\"twitter:label1\" content=\"Estimated reading time\" \/>\n\t<meta name=\"twitter:data1\" content=\"2 minutes\" \/>\n<script type=\"application\/ld+json\" class=\"yoast-schema-graph\">{\"@context\":\"https:\/\/schema.org\",\"@graph\":[{\"@type\":\"WebPage\",\"@id\":\"https:\/\/annaorzel.com\/galeria\/\",\"url\":\"https:\/\/annaorzel.com\/galeria\/\",\"name\":\"Galeria | Anna Orze\u0142 - malarstwo olejne, sztuka u\u017cytkowa.\",\"isPartOf\":{\"@id\":\"https:\/\/annaorzel.com\/#website\"},\"primaryImageOfPage\":{\"@id\":\"https:\/\/annaorzel.com\/galeria\/#primaryimage\"},\"image\":{\"@id\":\"https:\/\/annaorzel.com\/galeria\/#primaryimage\"},\"thumbnailUrl\":\"https:\/\/annaorzel.com\/wp-content\/uploads\/2025\/05\/obraz_wybuch_mockup.jpg\",\"datePublished\":\"2025-05-29T09:10:21+00:00\",\"dateModified\":\"2025-09-22T10:28:52+00:00\",\"breadcrumb\":{\"@id\":\"https:\/\/annaorzel.com\/galeria\/#breadcrumb\"},\"inLanguage\":\"en-GB\",\"potentialAction\":[{\"@type\":\"ReadAction\",\"target\":[\"https:\/\/annaorzel.com\/galeria\/\"]}]},{\"@type\":\"ImageObject\",\"inLanguage\":\"en-GB\",\"@id\":\"https:\/\/annaorzel.com\/galeria\/#primaryimage\",\"url\":\"https:\/\/annaorzel.com\/wp-content\/uploads\/2025\/05\/obraz_wybuch_mockup.jpg\",\"contentUrl\":\"https:\/\/annaorzel.com\/wp-content\/uploads\/2025\/05\/obraz_wybuch_mockup.jpg\"},{\"@type\":\"BreadcrumbList\",\"@id\":\"https:\/\/annaorzel.com\/galeria\/#breadcrumb\",\"itemListElement\":[{\"@type\":\"ListItem\",\"position\":1,\"name\":\"Strona g\u0142\u00f3wna\",\"item\":\"https:\/\/annaorzel.com\/\"},{\"@type\":\"ListItem\",\"position\":2,\"name\":\"Galeria\"}]},{\"@type\":\"WebSite\",\"@id\":\"https:\/\/annaorzel.com\/#website\",\"url\":\"https:\/\/annaorzel.com\/\",\"name\":\"Anna Orze\u0142 - malarstwo olejne, sztuka u\u017cytkowa.\",\"description\":\"\",\"publisher\":{\"@id\":\"https:\/\/annaorzel.com\/#organization\"},\"potentialAction\":[{\"@type\":\"SearchAction\",\"target\":{\"@type\":\"EntryPoint\",\"urlTemplate\":\"https:\/\/annaorzel.com\/?s={search_term_string}\"},\"query-input\":{\"@type\":\"PropertyValueSpecification\",\"valueRequired\":true,\"valueName\":\"search_term_string\"}}],\"inLanguage\":\"en-GB\"},{\"@type\":\"Organization\",\"@id\":\"https:\/\/annaorzel.com\/#organization\",\"name\":\"Anna Orze\u0142 - malarstwo olejne, sztuka u\u017cytkowa.\",\"url\":\"https:\/\/annaorzel.com\/\",\"logo\":{\"@type\":\"ImageObject\",\"inLanguage\":\"en-GB\",\"@id\":\"https:\/\/annaorzel.com\/#\/schema\/logo\/image\/\",\"url\":\"https:\/\/annaorzel.com\/wp-content\/uploads\/2025\/05\/cropped-cropped-Pasek-pod-nawigacje-1.jpg\",\"contentUrl\":\"https:\/\/annaorzel.com\/wp-content\/uploads\/2025\/05\/cropped-cropped-Pasek-pod-nawigacje-1.jpg\",\"width\":512,\"height\":512,\"caption\":\"Anna Orze\u0142 - malarstwo olejne, sztuka u\u017cytkowa.\"},\"image\":{\"@id\":\"https:\/\/annaorzel.com\/#\/schema\/logo\/image\/\"}}]}<\/script>\n<!-- \/ Yoast SEO plugin. -->","yoast_head_json":{"title":"Galeria | Anna Orze\u0142 - malarstwo olejne, sztuka u\u017cytkowa.","robots":{"index":"index","follow":"follow","max-snippet":"max-snippet:-1","max-image-preview":"max-image-preview:large","max-video-preview":"max-video-preview:-1"},"canonical":"https:\/\/annaorzel.com\/en\/galeria\/","og_locale":"en_GB","og_type":"article","og_title":"Galeria | Anna Orze\u0142 - malarstwo olejne, sztuka u\u017cytkowa.","og_description":"Galeria prac All Posts Malarstwo Wybuch Olej na p\u0142\u00f3tnie, 185&#215;145 cm Zobacz obraz Wibracje Olej na p\u0142\u00f3tnie, 150&#215;100 cm Zobacz obraz Energia p\u0142odno\u015bci Olej na p\u0142\u00f3tnie, 150&#215;100 cm Zobacz obraz \u015bw. Maksymilian Kolbe Olej na p\u0142\u00f3tnie, 40&#215;30 cm Zobacz obraz Energia mi\u0142o\u015bci Olej na p\u0142\u00f3tnie, 150&#215;100 cm Zobacz obraz Kup obrazy na stronie Etsy.com Zobacz obrazy","og_url":"https:\/\/annaorzel.com\/en\/galeria\/","og_site_name":"Anna Orze\u0142 - malarstwo olejne, sztuka u\u017cytkowa.","article_modified_time":"2025-09-22T10:28:52+00:00","og_image":[{"url":"https:\/\/annaorzel.com\/wp-content\/uploads\/2025\/05\/obraz_wybuch_mockup.jpg","type":"","width":"","height":""}],"twitter_card":"summary_large_image","twitter_misc":{"Estimated reading time":"2 minutes"},"schema":{"@context":"https:\/\/schema.org","@graph":[{"@type":"WebPage","@id":"https:\/\/annaorzel.com\/galeria\/","url":"https:\/\/annaorzel.com\/galeria\/","name":"Galeria | Anna Orze\u0142 - malarstwo olejne, sztuka u\u017cytkowa.","isPartOf":{"@id":"https:\/\/annaorzel.com\/#website"},"primaryImageOfPage":{"@id":"https:\/\/annaorzel.com\/galeria\/#primaryimage"},"image":{"@id":"https:\/\/annaorzel.com\/galeria\/#primaryimage"},"thumbnailUrl":"https:\/\/annaorzel.com\/wp-content\/uploads\/2025\/05\/obraz_wybuch_mockup.jpg","datePublished":"2025-05-29T09:10:21+00:00","dateModified":"2025-09-22T10:28:52+00:00","breadcrumb":{"@id":"https:\/\/annaorzel.com\/galeria\/#breadcrumb"},"inLanguage":"en-GB","potentialAction":[{"@type":"ReadAction","target":["https:\/\/annaorzel.com\/galeria\/"]}]},{"@type":"ImageObject","inLanguage":"en-GB","@id":"https:\/\/annaorzel.com\/galeria\/#primaryimage","url":"https:\/\/annaorzel.com\/wp-content\/uploads\/2025\/05\/obraz_wybuch_mockup.jpg","contentUrl":"https:\/\/annaorzel.com\/wp-content\/uploads\/2025\/05\/obraz_wybuch_mockup.jpg"},{"@type":"BreadcrumbList","@id":"https:\/\/annaorzel.com\/galeria\/#breadcrumb","itemListElement":[{"@type":"ListItem","position":1,"name":"Strona g\u0142\u00f3wna","item":"https:\/\/annaorzel.com\/"},{"@type":"ListItem","position":2,"name":"Galeria"}]},{"@type":"WebSite","@id":"https:\/\/annaorzel.com\/#website","url":"https:\/\/annaorzel.com\/","name":"Anna Orze\u0142 - malarstwo olejne, sztuka u\u017cytkowa.","description":"","publisher":{"@id":"https:\/\/annaorzel.com\/#organization"},"potentialAction":[{"@type":"SearchAction","target":{"@type":"EntryPoint","urlTemplate":"https:\/\/annaorzel.com\/?s={search_term_string}"},"query-input":{"@type":"PropertyValueSpecification","valueRequired":true,"valueName":"search_term_string"}}],"inLanguage":"en-GB"},{"@type":"Organization","@id":"https:\/\/annaorzel.com\/#organization","name":"Anna Orze\u0142 - malarstwo olejne, sztuka u\u017cytkowa.","url":"https:\/\/annaorzel.com\/","logo":{"@type":"ImageObject","inLanguage":"en-GB","@id":"https:\/\/annaorzel.com\/#\/schema\/logo\/image\/","url":"https:\/\/annaorzel.com\/wp-content\/uploads\/2025\/05\/cropped-cropped-Pasek-pod-nawigacje-1.jpg","contentUrl":"https:\/\/annaorzel.com\/wp-content\/uploads\/2025\/05\/cropped-cropped-Pasek-pod-nawigacje-1.jpg","width":512,"height":512,"caption":"Anna Orze\u0142 - malarstwo olejne, sztuka u\u017cytkowa."},"image":{"@id":"https:\/\/annaorzel.com\/#\/schema\/logo\/image\/"}}]}},"_links":{"self":[{"href":"https:\/\/annaorzel.com\/en\/wp-json\/wp\/v2\/pages\/670","targetHints":{"allow":["GET"]}}],"collection":[{"href":"https:\/\/annaorzel.com\/en\/wp-json\/wp\/v2\/pages"}],"about":[{"href":"https:\/\/annaorzel.com\/en\/wp-json\/wp\/v2\/types\/page"}],"author":[{"embeddable":true,"href":"https:\/\/annaorzel.com\/en\/wp-json\/wp\/v2\/users\/1"}],"replies":[{"embeddable":true,"href":"https:\/\/annaorzel.com\/en\/wp-json\/wp\/v2\/comments?post=670"}],"version-history":[{"count":9,"href":"https:\/\/annaorzel.com\/en\/wp-json\/wp\/v2\/pages\/670\/revisions"}],"predecessor-version":[{"id":2625,"href":"https:\/\/annaorzel.com\/en\/wp-json\/wp\/v2\/pages\/670\/revisions\/2625"}],"wp:attachment":[{"href":"https:\/\/annaorzel.com\/en\/wp-json\/wp\/v2\/media?parent=670"}],"curies":[{"name":"wp","href":"https:\/\/api.w.org\/{rel}","templated":true}]}}