{"id":2520,"date":"2025-06-05T17:38:10","date_gmt":"2025-06-05T15:38:10","guid":{"rendered":"https:\/\/annaorzel.com\/?page_id=2520"},"modified":"2025-09-22T12:35:13","modified_gmt":"2025-09-22T10:35:13","slug":"wspomnienia","status":"publish","type":"page","link":"https:\/\/annaorzel.com\/en\/wspomnienia\/","title":{"rendered":"Exhibition memories"},"content":{"rendered":"<div data-elementor-type=\"wp-page\" data-elementor-id=\"2520\" class=\"elementor elementor-2520\">\n\t\t\t\t<div class=\"elementor-element elementor-element-773bfb1 e-con-full e-flex wpr-particle-no wpr-jarallax-no wpr-parallax-no wpr-sticky-section-no e-con e-parent\" data-id=\"773bfb1\" data-element_type=\"container\" data-settings=\"{&quot;background_background&quot;:&quot;classic&quot;}\">\n\t\t\t\t<div class=\"elementor-element elementor-element-3c9fe53 elementor-widget elementor-widget-heading\" data-id=\"3c9fe53\" data-element_type=\"widget\" data-widget_type=\"heading.default\">\n\t\t\t\t<div class=\"elementor-widget-container\">\n\t\t\t\t\t<h2 class=\"elementor-heading-title elementor-size-default\">Exhibition memories<\/h2>\t\t\t\t<\/div>\n\t\t\t\t<\/div>\n\t\t\t\t<\/div>\n\t\t<div class=\"elementor-element elementor-element-d70778c e-con-full animated-fast e-flex wpr-particle-no wpr-jarallax-no wpr-parallax-no wpr-sticky-section-no elementor-invisible e-con e-parent\" data-id=\"d70778c\" data-element_type=\"container\" data-settings=\"{&quot;animation&quot;:&quot;fadeIn&quot;}\">\n\t\t<div class=\"elementor-element elementor-element-12f5d81 e-con-full e-flex wpr-particle-no wpr-jarallax-no wpr-parallax-no wpr-sticky-section-no e-con e-child\" data-id=\"12f5d81\" data-element_type=\"container\">\n\t\t\t\t<div class=\"elementor-element elementor-element-b341f3a gallery-spacing-custom elementor-widget elementor-widget-image-gallery\" data-id=\"b341f3a\" data-element_type=\"widget\" data-widget_type=\"image-gallery.default\">\n\t\t\t\t<div class=\"elementor-widget-container\">\n\t\t\t\t\t\t\t<div class=\"elementor-image-gallery\">\n\t\t\t<div id='gallery-1' class='gallery galleryid-2520 gallery-columns-2 gallery-size-medium'><figure class='gallery-item'>\n\t\t\t<div class='gallery-icon portrait'>\n\t\t\t\t<a data-elementor-open-lightbox=\"yes\" data-elementor-lightbox-slideshow=\"b341f3a\" data-e-action-hash=\"#elementor-action%3Aaction%3Dlightbox%26settings%3DeyJpZCI6MjUyMiwidXJsIjoiaHR0cHM6XC9cL2FubmFvcnplbC5jb21cL3dwLWNvbnRlbnRcL3VwbG9hZHNcLzIwMjVcLzA2XC9XaGF0c0FwcC1JbWFnZS0yMDI1LTA2LTA1LWF0LTE2LjMxLjA0LmpwZWciLCJzbGlkZXNob3ciOiJiMzQxZjNhIn0%3D\" href='https:\/\/annaorzel.com\/wp-content\/uploads\/2025\/06\/WhatsApp-Image-2025-06-05-at-16.31.04.jpeg'><img fetchpriority=\"high\" decoding=\"async\" width=\"225\" height=\"300\" src=\"https:\/\/annaorzel.com\/wp-content\/uploads\/2025\/06\/WhatsApp-Image-2025-06-05-at-16.31.04-225x300.jpeg\" class=\"attachment-medium size-medium\" alt=\"\" srcset=\"https:\/\/annaorzel.com\/wp-content\/uploads\/2025\/06\/WhatsApp-Image-2025-06-05-at-16.31.04-225x300.jpeg 225w, https:\/\/annaorzel.com\/wp-content\/uploads\/2025\/06\/WhatsApp-Image-2025-06-05-at-16.31.04-768x1024.jpeg 768w, https:\/\/annaorzel.com\/wp-content\/uploads\/2025\/06\/WhatsApp-Image-2025-06-05-at-16.31.04-1152x1536.jpeg 1152w, https:\/\/annaorzel.com\/wp-content\/uploads\/2025\/06\/WhatsApp-Image-2025-06-05-at-16.31.04-9x12.jpeg 9w, https:\/\/annaorzel.com\/wp-content\/uploads\/2025\/06\/WhatsApp-Image-2025-06-05-at-16.31.04.jpeg 1200w\" sizes=\"(max-width: 225px) 100vw, 225px\" \/><\/a>\n\t\t\t<\/div><\/figure><figure class='gallery-item'>\n\t\t\t<div class='gallery-icon portrait'>\n\t\t\t\t<a data-elementor-open-lightbox=\"yes\" data-elementor-lightbox-slideshow=\"b341f3a\" data-e-action-hash=\"#elementor-action%3Aaction%3Dlightbox%26settings%3DeyJpZCI6MjUyMSwidXJsIjoiaHR0cHM6XC9cL2FubmFvcnplbC5jb21cL3dwLWNvbnRlbnRcL3VwbG9hZHNcLzIwMjVcLzA2XC9XaGF0c0FwcC1JbWFnZS0yMDI1LTA2LTA1LWF0LTE2LjMxLjA0LTEuanBlZyIsInNsaWRlc2hvdyI6ImIzNDFmM2EifQ%3D%3D\" href='https:\/\/annaorzel.com\/wp-content\/uploads\/2025\/06\/WhatsApp-Image-2025-06-05-at-16.31.04-1.jpeg'><img decoding=\"async\" width=\"225\" height=\"300\" src=\"https:\/\/annaorzel.com\/wp-content\/uploads\/2025\/06\/WhatsApp-Image-2025-06-05-at-16.31.04-1-225x300.jpeg\" class=\"attachment-medium size-medium\" alt=\"\" srcset=\"https:\/\/annaorzel.com\/wp-content\/uploads\/2025\/06\/WhatsApp-Image-2025-06-05-at-16.31.04-1-225x300.jpeg 225w, https:\/\/annaorzel.com\/wp-content\/uploads\/2025\/06\/WhatsApp-Image-2025-06-05-at-16.31.04-1-768x1024.jpeg 768w, https:\/\/annaorzel.com\/wp-content\/uploads\/2025\/06\/WhatsApp-Image-2025-06-05-at-16.31.04-1-1152x1536.jpeg 1152w, https:\/\/annaorzel.com\/wp-content\/uploads\/2025\/06\/WhatsApp-Image-2025-06-05-at-16.31.04-1-9x12.jpeg 9w, https:\/\/annaorzel.com\/wp-content\/uploads\/2025\/06\/WhatsApp-Image-2025-06-05-at-16.31.04-1.jpeg 1200w\" sizes=\"(max-width: 225px) 100vw, 225px\" \/><\/a>\n\t\t\t<\/div><\/figure>\n\t\t<\/div>\n\t\t<\/div>\n\t\t\t\t\t\t<\/div>\n\t\t\t\t<\/div>\n\t\t\t\t<\/div>\n\t\t<div class=\"elementor-element elementor-element-4d87ec5 e-con-full e-flex wpr-particle-no wpr-jarallax-no wpr-parallax-no wpr-sticky-section-no e-con e-child\" data-id=\"4d87ec5\" data-element_type=\"container\">\n\t\t\t\t<div class=\"elementor-element elementor-element-c5cc05f elementor-align-center elementor-widget elementor-widget-button\" data-id=\"c5cc05f\" data-element_type=\"widget\" data-widget_type=\"button.default\">\n\t\t\t\t<div class=\"elementor-widget-container\">\n\t\t\t\t\t\t\t\t\t<div class=\"elementor-button-wrapper\">\n\t\t\t\t\t<a class=\"elementor-button elementor-button-link elementor-size-sm\" href=\"https:\/\/www.koszalin.pl\/en\/node\/5822\">\n\t\t\t\t\t\t<span class=\"elementor-button-content-wrapper\">\n\t\t\t\t\t\t\t\t\t<span class=\"elementor-button-text\">Exhibition \u201eImaginarium \u2013 poza ram\u0105\"<\/span>\n\t\t\t\t\t<\/span>\n\t\t\t\t\t<\/a>\n\t\t\t\t<\/div>\n\t\t\t\t\t\t\t\t<\/div>\n\t\t\t\t<\/div>\n\t\t\t\t<\/div>\n\t\t\t\t<\/div>\n\t\t<div class=\"elementor-element elementor-element-2fa80551 elementor-hidden-desktop elementor-hidden-tablet elementor-hidden-mobile e-flex e-con-boxed wpr-particle-no wpr-jarallax-no wpr-parallax-no wpr-sticky-section-no e-con e-parent\" data-id=\"2fa80551\" data-element_type=\"container\" data-settings=\"{&quot;background_background&quot;:&quot;classic&quot;}\">\n\t\t\t\t\t<div class=\"e-con-inner\">\n\t\t\t\t<div class=\"elementor-element elementor-element-843b20e elementor-widget elementor-widget-heading\" data-id=\"843b20e\" data-element_type=\"widget\" data-widget_type=\"heading.default\">\n\t\t\t\t<div class=\"elementor-widget-container\">\n\t\t\t\t\t<h2 class=\"elementor-heading-title elementor-size-default\">Buy paintings on Etsy.com<\/h2>\t\t\t\t<\/div>\n\t\t\t\t<\/div>\n\t\t\t\t<div class=\"elementor-element elementor-element-3fadb79a elementor-align-left elementor-widget elementor-widget-button\" data-id=\"3fadb79a\" data-element_type=\"widget\" data-widget_type=\"button.default\">\n\t\t\t\t<div class=\"elementor-widget-container\">\n\t\t\t\t\t\t\t\t\t<div class=\"elementor-button-wrapper\">\n\t\t\t\t\t<a class=\"elementor-button elementor-button-link elementor-size-sm\" href=\"http:\/\/etsy.com\">\n\t\t\t\t\t\t<span class=\"elementor-button-content-wrapper\">\n\t\t\t\t\t\t\t\t\t<span class=\"elementor-button-text\">Check<\/span>\n\t\t\t\t\t<\/span>\n\t\t\t\t\t<\/a>\n\t\t\t\t<\/div>\n\t\t\t\t\t\t\t\t<\/div>\n\t\t\t\t<\/div>\n\t\t\t\t\t<\/div>\n\t\t\t\t<\/div>\n\t\t<div class=\"elementor-element elementor-element-c8a3b8d e-con-full e-flex wpr-particle-no wpr-jarallax-no wpr-parallax-no wpr-sticky-section-no e-con e-parent\" data-id=\"c8a3b8d\" data-element_type=\"container\">\n\t\t\t\t<\/div>\n\t\t<div class=\"elementor-element elementor-element-b94cb7c e-flex e-con-boxed wpr-particle-no wpr-jarallax-no wpr-parallax-no wpr-sticky-section-no e-con e-parent\" data-id=\"b94cb7c\" data-element_type=\"container\">\n\t\t\t\t\t<div class=\"e-con-inner\">\n\t\t\t\t\t<\/div>\n\t\t\t\t<\/div>\n\t\t\t\t<\/div>","protected":false},"excerpt":{"rendered":"<p>Wspomnienia z wystaw Wystawa \u201eImaginarium \u2013 poza ram\u0105&#8221; Kup obrazy na stronie Etsy.com Zobacz obrazy<\/p>","protected":false},"author":1,"featured_media":0,"parent":0,"menu_order":0,"comment_status":"closed","ping_status":"closed","template":"","meta":{"footnotes":""},"class_list":["post-2520","page","type-page","status-publish","hentry"],"yoast_head":"<!-- This site is optimized with the Yoast SEO plugin v25.2 - https:\/\/yoast.com\/wordpress\/plugins\/seo\/ -->\n<title>Anna Orze\u0142 - malarstwo olejne, sztuka u\u017cytkowa.<\/title>\n<meta name=\"description\" content=\"Artystka czerpie rado\u015b\u0107 z mo\u017cliwo\u015bci tworzenia i dzielenia si\u0119 swoimi pasjami z innymi. Tworzy w r\u00f3\u017cnych technikach plastycznych takich jak: rze\u017aba w glinie, ceramika oraz malarstwo olejne. Jest otwarta na r\u00f3\u017cne dzia\u0142ania artystyczne.\" \/>\n<meta name=\"robots\" content=\"index, follow, max-snippet:-1, max-image-preview:large, max-video-preview:-1\" \/>\n<link rel=\"canonical\" href=\"https:\/\/annaorzel.com\/en\/wspomnienia\/\" \/>\n<meta property=\"og:locale\" content=\"en_GB\" \/>\n<meta property=\"og:type\" content=\"article\" \/>\n<meta property=\"og:title\" content=\"Anna Orze\u0142 - malarstwo olejne, sztuka u\u017cytkowa.\" \/>\n<meta property=\"og:description\" content=\"Artystka czerpie rado\u015b\u0107 z mo\u017cliwo\u015bci tworzenia i dzielenia si\u0119 swoimi pasjami z innymi. Tworzy w r\u00f3\u017cnych technikach plastycznych takich jak: rze\u017aba w glinie, ceramika oraz malarstwo olejne. Jest otwarta na r\u00f3\u017cne dzia\u0142ania artystyczne.\" \/>\n<meta property=\"og:url\" content=\"https:\/\/annaorzel.com\/en\/wspomnienia\/\" \/>\n<meta property=\"og:site_name\" content=\"Anna Orze\u0142 - malarstwo olejne, sztuka u\u017cytkowa.\" \/>\n<meta property=\"article:modified_time\" content=\"2025-09-22T10:35:13+00:00\" \/>\n<meta property=\"og:image\" content=\"https:\/\/annaorzel.com\/wp-content\/uploads\/2025\/06\/WhatsApp-Image-2025-06-05-at-16.31.04-225x300.jpeg\" \/>\n<meta name=\"twitter:card\" content=\"summary_large_image\" \/>\n<meta name=\"twitter:label1\" content=\"Estimated reading time\" \/>\n\t<meta name=\"twitter:data1\" content=\"1 minute\" \/>\n<script type=\"application\/ld+json\" class=\"yoast-schema-graph\">{\"@context\":\"https:\/\/schema.org\",\"@graph\":[{\"@type\":\"WebPage\",\"@id\":\"https:\/\/annaorzel.com\/wspomnienia\/\",\"url\":\"https:\/\/annaorzel.com\/wspomnienia\/\",\"name\":\"Anna Orze\u0142 - malarstwo olejne, sztuka u\u017cytkowa.\",\"isPartOf\":{\"@id\":\"https:\/\/annaorzel.com\/#website\"},\"primaryImageOfPage\":{\"@id\":\"https:\/\/annaorzel.com\/wspomnienia\/#primaryimage\"},\"image\":{\"@id\":\"https:\/\/annaorzel.com\/wspomnienia\/#primaryimage\"},\"thumbnailUrl\":\"https:\/\/annaorzel.com\/wp-content\/uploads\/2025\/06\/WhatsApp-Image-2025-06-05-at-16.31.04-225x300.jpeg\",\"datePublished\":\"2025-06-05T15:38:10+00:00\",\"dateModified\":\"2025-09-22T10:35:13+00:00\",\"description\":\"Artystka czerpie rado\u015b\u0107 z mo\u017cliwo\u015bci tworzenia i dzielenia si\u0119 swoimi pasjami z innymi. Tworzy w r\u00f3\u017cnych technikach plastycznych takich jak: rze\u017aba w glinie, ceramika oraz malarstwo olejne. Jest otwarta na r\u00f3\u017cne dzia\u0142ania artystyczne.\",\"breadcrumb\":{\"@id\":\"https:\/\/annaorzel.com\/wspomnienia\/#breadcrumb\"},\"inLanguage\":\"en-GB\",\"potentialAction\":[{\"@type\":\"ReadAction\",\"target\":[\"https:\/\/annaorzel.com\/wspomnienia\/\"]}]},{\"@type\":\"ImageObject\",\"inLanguage\":\"en-GB\",\"@id\":\"https:\/\/annaorzel.com\/wspomnienia\/#primaryimage\",\"url\":\"https:\/\/annaorzel.com\/wp-content\/uploads\/2025\/06\/WhatsApp-Image-2025-06-05-at-16.31.04-225x300.jpeg\",\"contentUrl\":\"https:\/\/annaorzel.com\/wp-content\/uploads\/2025\/06\/WhatsApp-Image-2025-06-05-at-16.31.04-225x300.jpeg\"},{\"@type\":\"BreadcrumbList\",\"@id\":\"https:\/\/annaorzel.com\/wspomnienia\/#breadcrumb\",\"itemListElement\":[{\"@type\":\"ListItem\",\"position\":1,\"name\":\"Strona g\u0142\u00f3wna\",\"item\":\"https:\/\/annaorzel.com\/\"},{\"@type\":\"ListItem\",\"position\":2,\"name\":\"Wspomnienia z wystaw\"}]},{\"@type\":\"WebSite\",\"@id\":\"https:\/\/annaorzel.com\/#website\",\"url\":\"https:\/\/annaorzel.com\/\",\"name\":\"Anna Orze\u0142 - malarstwo olejne, sztuka u\u017cytkowa.\",\"description\":\"\",\"publisher\":{\"@id\":\"https:\/\/annaorzel.com\/#organization\"},\"potentialAction\":[{\"@type\":\"SearchAction\",\"target\":{\"@type\":\"EntryPoint\",\"urlTemplate\":\"https:\/\/annaorzel.com\/?s={search_term_string}\"},\"query-input\":{\"@type\":\"PropertyValueSpecification\",\"valueRequired\":true,\"valueName\":\"search_term_string\"}}],\"inLanguage\":\"en-GB\"},{\"@type\":\"Organization\",\"@id\":\"https:\/\/annaorzel.com\/#organization\",\"name\":\"Anna Orze\u0142 - malarstwo olejne, sztuka u\u017cytkowa.\",\"url\":\"https:\/\/annaorzel.com\/\",\"logo\":{\"@type\":\"ImageObject\",\"inLanguage\":\"en-GB\",\"@id\":\"https:\/\/annaorzel.com\/#\/schema\/logo\/image\/\",\"url\":\"https:\/\/annaorzel.com\/wp-content\/uploads\/2025\/05\/cropped-cropped-Pasek-pod-nawigacje-1.jpg\",\"contentUrl\":\"https:\/\/annaorzel.com\/wp-content\/uploads\/2025\/05\/cropped-cropped-Pasek-pod-nawigacje-1.jpg\",\"width\":512,\"height\":512,\"caption\":\"Anna Orze\u0142 - malarstwo olejne, sztuka u\u017cytkowa.\"},\"image\":{\"@id\":\"https:\/\/annaorzel.com\/#\/schema\/logo\/image\/\"}}]}<\/script>\n<!-- \/ Yoast SEO plugin. -->","yoast_head_json":{"title":"Anna Orze\u0142 - malarstwo olejne, sztuka u\u017cytkowa.","description":"Artystka czerpie rado\u015b\u0107 z mo\u017cliwo\u015bci tworzenia i dzielenia si\u0119 swoimi pasjami z innymi. Tworzy w r\u00f3\u017cnych technikach plastycznych takich jak: rze\u017aba w glinie, ceramika oraz malarstwo olejne. Jest otwarta na r\u00f3\u017cne dzia\u0142ania artystyczne.","robots":{"index":"index","follow":"follow","max-snippet":"max-snippet:-1","max-image-preview":"max-image-preview:large","max-video-preview":"max-video-preview:-1"},"canonical":"https:\/\/annaorzel.com\/en\/wspomnienia\/","og_locale":"en_GB","og_type":"article","og_title":"Anna Orze\u0142 - malarstwo olejne, sztuka u\u017cytkowa.","og_description":"Artystka czerpie rado\u015b\u0107 z mo\u017cliwo\u015bci tworzenia i dzielenia si\u0119 swoimi pasjami z innymi. Tworzy w r\u00f3\u017cnych technikach plastycznych takich jak: rze\u017aba w glinie, ceramika oraz malarstwo olejne. Jest otwarta na r\u00f3\u017cne dzia\u0142ania artystyczne.","og_url":"https:\/\/annaorzel.com\/en\/wspomnienia\/","og_site_name":"Anna Orze\u0142 - malarstwo olejne, sztuka u\u017cytkowa.","article_modified_time":"2025-09-22T10:35:13+00:00","og_image":[{"url":"https:\/\/annaorzel.com\/wp-content\/uploads\/2025\/06\/WhatsApp-Image-2025-06-05-at-16.31.04-225x300.jpeg","type":"","width":"","height":""}],"twitter_card":"summary_large_image","twitter_misc":{"Estimated reading time":"1 minute"},"schema":{"@context":"https:\/\/schema.org","@graph":[{"@type":"WebPage","@id":"https:\/\/annaorzel.com\/wspomnienia\/","url":"https:\/\/annaorzel.com\/wspomnienia\/","name":"Anna Orze\u0142 - malarstwo olejne, sztuka u\u017cytkowa.","isPartOf":{"@id":"https:\/\/annaorzel.com\/#website"},"primaryImageOfPage":{"@id":"https:\/\/annaorzel.com\/wspomnienia\/#primaryimage"},"image":{"@id":"https:\/\/annaorzel.com\/wspomnienia\/#primaryimage"},"thumbnailUrl":"https:\/\/annaorzel.com\/wp-content\/uploads\/2025\/06\/WhatsApp-Image-2025-06-05-at-16.31.04-225x300.jpeg","datePublished":"2025-06-05T15:38:10+00:00","dateModified":"2025-09-22T10:35:13+00:00","description":"Artystka czerpie rado\u015b\u0107 z mo\u017cliwo\u015bci tworzenia i dzielenia si\u0119 swoimi pasjami z innymi. Tworzy w r\u00f3\u017cnych technikach plastycznych takich jak: rze\u017aba w glinie, ceramika oraz malarstwo olejne. Jest otwarta na r\u00f3\u017cne dzia\u0142ania artystyczne.","breadcrumb":{"@id":"https:\/\/annaorzel.com\/wspomnienia\/#breadcrumb"},"inLanguage":"en-GB","potentialAction":[{"@type":"ReadAction","target":["https:\/\/annaorzel.com\/wspomnienia\/"]}]},{"@type":"ImageObject","inLanguage":"en-GB","@id":"https:\/\/annaorzel.com\/wspomnienia\/#primaryimage","url":"https:\/\/annaorzel.com\/wp-content\/uploads\/2025\/06\/WhatsApp-Image-2025-06-05-at-16.31.04-225x300.jpeg","contentUrl":"https:\/\/annaorzel.com\/wp-content\/uploads\/2025\/06\/WhatsApp-Image-2025-06-05-at-16.31.04-225x300.jpeg"},{"@type":"BreadcrumbList","@id":"https:\/\/annaorzel.com\/wspomnienia\/#breadcrumb","itemListElement":[{"@type":"ListItem","position":1,"name":"Strona g\u0142\u00f3wna","item":"https:\/\/annaorzel.com\/"},{"@type":"ListItem","position":2,"name":"Wspomnienia z wystaw"}]},{"@type":"WebSite","@id":"https:\/\/annaorzel.com\/#website","url":"https:\/\/annaorzel.com\/","name":"Anna Orze\u0142 - malarstwo olejne, sztuka u\u017cytkowa.","description":"","publisher":{"@id":"https:\/\/annaorzel.com\/#organization"},"potentialAction":[{"@type":"SearchAction","target":{"@type":"EntryPoint","urlTemplate":"https:\/\/annaorzel.com\/?s={search_term_string}"},"query-input":{"@type":"PropertyValueSpecification","valueRequired":true,"valueName":"search_term_string"}}],"inLanguage":"en-GB"},{"@type":"Organization","@id":"https:\/\/annaorzel.com\/#organization","name":"Anna Orze\u0142 - malarstwo olejne, sztuka u\u017cytkowa.","url":"https:\/\/annaorzel.com\/","logo":{"@type":"ImageObject","inLanguage":"en-GB","@id":"https:\/\/annaorzel.com\/#\/schema\/logo\/image\/","url":"https:\/\/annaorzel.com\/wp-content\/uploads\/2025\/05\/cropped-cropped-Pasek-pod-nawigacje-1.jpg","contentUrl":"https:\/\/annaorzel.com\/wp-content\/uploads\/2025\/05\/cropped-cropped-Pasek-pod-nawigacje-1.jpg","width":512,"height":512,"caption":"Anna Orze\u0142 - malarstwo olejne, sztuka u\u017cytkowa."},"image":{"@id":"https:\/\/annaorzel.com\/#\/schema\/logo\/image\/"}}]}},"_links":{"self":[{"href":"https:\/\/annaorzel.com\/en\/wp-json\/wp\/v2\/pages\/2520","targetHints":{"allow":["GET"]}}],"collection":[{"href":"https:\/\/annaorzel.com\/en\/wp-json\/wp\/v2\/pages"}],"about":[{"href":"https:\/\/annaorzel.com\/en\/wp-json\/wp\/v2\/types\/page"}],"author":[{"embeddable":true,"href":"https:\/\/annaorzel.com\/en\/wp-json\/wp\/v2\/users\/1"}],"replies":[{"embeddable":true,"href":"https:\/\/annaorzel.com\/en\/wp-json\/wp\/v2\/comments?post=2520"}],"version-history":[{"count":13,"href":"https:\/\/annaorzel.com\/en\/wp-json\/wp\/v2\/pages\/2520\/revisions"}],"predecessor-version":[{"id":2649,"href":"https:\/\/annaorzel.com\/en\/wp-json\/wp\/v2\/pages\/2520\/revisions\/2649"}],"wp:attachment":[{"href":"https:\/\/annaorzel.com\/en\/wp-json\/wp\/v2\/media?parent=2520"}],"curies":[{"name":"wp","href":"https:\/\/api.w.org\/{rel}","templated":true}]}}